{"id":32,"date":"2025-01-27T10:18:26","date_gmt":"2025-01-27T10:18:26","guid":{"rendered":"https:\/\/new.mnbyggservice.no\/?page_id=32"},"modified":"2025-01-31T10:33:21","modified_gmt":"2025-01-31T10:33:21","slug":"kontakt-oss","status":"publish","type":"page","link":"https:\/\/mnbyggservice.no\/?page_id=32","title":{"rendered":"Kontakt oss"},"content":{"rendered":"<p>[location]<\/p>\n<div>\n<p>Gr\u00f8nlundveien 8<\/p>\n<p>7884 S\u00f8rli<\/p>\n<\/div>\n<p>[mail]<\/p>\n<p>\n    <a href=\"mailto:bakken@mnbyggservice.no\">bakken a mnbyggservice.no<\/a>\n<\/p>\n<p>[receiver]<\/p>\n<p>\n    <a href=\"tel:48132714\">48 13 27 14<\/a>\n<\/p>\n<h1>Her finner du oss<\/h1>\n<div>\n<p>64.2240,13.8312<\/p>\n<h3>MNB<\/h3>\n<div>\n<p>Gr\u00f8nlundveien 8, 7884 S\u00f8rli<\/p>\n<\/div>\n<p><a href=\"https:\/\/www.google.com\/maps?ll=64.223853,13.832519&#038;z=17&#038;t=m&#038;hl=en&#038;gl=IN&#038;mapclient=embed&#038;cid=2477696963524463258\">Google Maps<\/a><\/p>\n<\/div>\n<p><!--more--><br \/>\n<!-- {\"type\":\"layout\",\"children\":[{\"type\":\"section\",\"props\":{\"image_position\":\"center-center\",\"style\":\"default\",\"title_breakpoint\":\"xl\",\"title_position\":\"top-left\",\"title_rotation\":\"left\",\"vertical_align\":\"middle\",\"width\":\"default\"},\"children\":[{\"type\":\"row\",\"props\":{\"column_gap\":\"small\",\"divider\":true,\"layout\":\"1-3,1-3,1-3\",\"row_gap\":\"small\"},\"children\":[{\"type\":\"column\",\"props\":{\"image_position\":\"center-center\",\"position_sticky_breakpoint\":\"m\",\"width_medium\":\"1-3\"},\"children\":[{\"type\":\"icon\",\"props\":{\"icon\":\"location\",\"icon_width\":60,\"margin\":\"default\",\"text_align\":\"center\"}},{\"type\":\"text\",\"props\":{\"column_breakpoint\":\"m\",\"content\":\"\n\n<p>Gr\\u00f8nlundveien 8<\\\/p>\\n\n\n<p>7884 S\\u00f8rli<\\\/p>\",\"margin\":\"default\",\"text_align\":\"center\"}}]},{\"type\":\"column\",\"props\":{\"image_position\":\"center-center\",\"position_sticky_breakpoint\":\"m\",\"width_medium\":\"1-3\"},\"children\":[{\"type\":\"icon\",\"props\":{\"icon\":\"mail\",\"icon_width\":60,\"margin\":\"default\",\"text_align\":\"center\"}},{\"type\":\"button\",\"props\":{\"grid_column_gap\":\"small\",\"grid_row_gap\":\"small\",\"margin\":\"default\",\"text_align\":\"center\"},\"children\":[{\"type\":\"button_item\",\"props\":{\"button_style\":\"\",\"content\":\"bakken a mnbyggservice.no\",\"icon_align\":\"left\",\"link\":\"mailto:bakken@mnbyggservice.no\"}}]}]},{\"type\":\"column\",\"props\":{\"image_position\":\"center-center\",\"position_sticky_breakpoint\":\"m\",\"width_medium\":\"1-3\"},\"children\":[{\"type\":\"icon\",\"props\":{\"icon\":\"receiver\",\"icon_width\":60,\"margin\":\"default\",\"text_align\":\"center\"}},{\"type\":\"button\",\"props\":{\"grid_column_gap\":\"small\",\"grid_row_gap\":\"small\",\"margin\":\"default\",\"text_align\":\"center\"},\"children\":[{\"type\":\"button_item\",\"props\":{\"button_style\":\"\",\"content\":\"48 13 27 14\",\"icon_align\":\"left\",\"link\":\"tel:48132714\"}}]}]}]}]},{\"type\":\"section\",\"props\":{\"image_position\":\"center-center\",\"style\":\"muted\",\"title_breakpoint\":\"xl\",\"title_position\":\"top-left\",\"title_rotation\":\"left\",\"vertical_align\":\"middle\",\"width\":\"default\"},\"children\":[{\"type\":\"row\",\"children\":[{\"type\":\"column\",\"props\":{\"image_position\":\"center-center\",\"position_sticky_breakpoint\":\"m\"},\"children\":[{\"type\":\"headline\",\"props\":{\"content\":\"Her finner du oss\",\"text_align\":\"center\",\"title_element\":\"h1\"}},{\"type\":\"map\",\"props\":{\"controls\":true,\"dragging\":true,\"height\":500,\"image_svg_color\":\"emphasis\",\"link_style\":\"default\",\"link_text\":\"Read more\",\"margin\":\"default\",\"max_zoom\":18,\"meta_align\":\"below-title\",\"meta_element\":\"div\",\"meta_style\":\"text-meta\",\"min_zoom\":0,\"poi\":false,\"show_content\":true,\"show_image\":true,\"show_link\":true,\"show_meta\":true,\"show_title\":true,\"title_element\":\"h3\",\"title_hover_style\":\"reset\",\"type\":\"roadmap\",\"viewport_height_offset_top\":true,\"zoom\":\"10\",\"zooming\":true},\"children\":[{\"type\":\"map_item\",\"props\":{\"content\":\"\n\n<p>Gr\\u00f8nlundveien 8, 7884 S\\u00f8rli<\\\/p>\",\"link\":\"https:\\\/\\\/www.google.com\\\/maps?ll=64.223853,13.832519&z=17&t=m&hl=en&gl=IN&mapclient=embed&cid=2477696963524463258\",\"link_text\":\"Google Maps\",\"location\":\"64.2240,13.8312\",\"title\":\"MNB\"}}]}]}]}],\"name\":\"Kart\"}],\"version\":\"4.4.20\"} --><\/p>\n","protected":false},"excerpt":{"rendered":"<p>[location] Gr\u00f8nlundveien 8 7884 S\u00f8rli [mail] bakken a mnbyggservice.no [receiver] 48 13 27 14 Her finner du oss 64.2240,13.8312 MNB Gr\u00f8nlundveien 8, 7884 S\u00f8rli Google Maps<\/p>\n","protected":false},"author":1,"featured_media":0,"parent":0,"menu_order":0,"comment_status":"closed","ping_status":"closed","template":"","meta":{"footnotes":""},"class_list":["post-32","page","type-page","status-publish","hentry"],"_links":{"self":[{"href":"https:\/\/mnbyggservice.no\/index.php?rest_route=\/wp\/v2\/pages\/32","targetHints":{"allow":["GET"]}}],"collection":[{"href":"https:\/\/mnbyggservice.no\/index.php?rest_route=\/wp\/v2\/pages"}],"about":[{"href":"https:\/\/mnbyggservice.no\/index.php?rest_route=\/wp\/v2\/types\/page"}],"author":[{"embeddable":true,"href":"https:\/\/mnbyggservice.no\/index.php?rest_route=\/wp\/v2\/users\/1"}],"replies":[{"embeddable":true,"href":"https:\/\/mnbyggservice.no\/index.php?rest_route=%2Fwp%2Fv2%2Fcomments&post=32"}],"version-history":[{"count":16,"href":"https:\/\/mnbyggservice.no\/index.php?rest_route=\/wp\/v2\/pages\/32\/revisions"}],"predecessor-version":[{"id":281,"href":"https:\/\/mnbyggservice.no\/index.php?rest_route=\/wp\/v2\/pages\/32\/revisions\/281"}],"wp:attachment":[{"href":"https:\/\/mnbyggservice.no\/index.php?rest_route=%2Fwp%2Fv2%2Fmedia&parent=32"}],"curies":[{"name":"wp","href":"https:\/\/api.w.org\/{rel}","templated":true}]}}