{"id":26,"date":"2025-01-27T10:17:23","date_gmt":"2025-01-27T10:17:23","guid":{"rendered":"https:\/\/new.mnbyggservice.no\/?page_id=26"},"modified":"2025-01-31T10:23:09","modified_gmt":"2025-01-31T10:23:09","slug":"sunwind","status":"publish","type":"page","link":"https:\/\/mnbyggservice.no\/?page_id=26","title":{"rendered":"Sunwind"},"content":{"rendered":"<h1>Sunwind<\/h1>\n<h2>Vi er forhandlere for Sunwind.<\/h2>\n<div>Midt-Norsk Byggservice AS er fra og med 2020, forhandler for Sunwind.<br \/>\nDet betyr at vi n\u00e5 kan levere et stort utvalg av artikler til hus og hytter<\/div>\n<ul>\n<li>\n        <a href=\"https:\/\/www.sunwind.no\/alle-produkter\">Sundwind katalog<\/a>\n    <\/li>\n<li>\n        <a href=\"\/index.php?page_id=32\">Kontaks oss for tilbud<\/a>\n    <\/li>\n<\/ul>\n<p><a href=\"https:\/\/www.sunwind.no\/brosjyrer\"><img decoding=\"async\" src=\"\/wp-content\/uploads\/2025\/01\/sundvind.png\" alt=\"\"><\/a><\/p>\n<h2>Hva tilbyr Sundwind?<\/h2>\n<ul>\n<li>\n<div>Komfyrer, kj\u00f8leskap, stekeovner som g\u00e5r p\u00e5 gass.<\/div>\n<\/li>\n<li>\n<div>Stort utvalg av griller. Gass og kullgriller, b\u00e5lpanner\u2026<\/div>\n<\/li>\n<li>\n<div>Alt til solcelleanlegg. Paneler, batterier, osv\u2026<\/div>\n<\/li>\n<li>\n<div>Toalettl\u00f8sninger til fritidsboliger<\/div>\n<\/li>\n<li>\n<div>Varmtvannsinstallasjoner p\u00e5 gass<\/div>\n<\/li>\n<li>\n<div>Dusjl\u00f8sninger til hytta<\/div>\n<\/li>\n<li>\n<div>Honda str\u00f8maggregater<\/div>\n<\/li>\n<li>\n<div>Batteriladdere<\/div>\n<\/li>\n<li>\n<div>Badstuel\u00f8sninger<\/div>\n<\/li>\n<li>\n<div>Alt av belysning p\u00e5 12V<\/div>\n<\/li>\n<\/ul>\n<div>Prisene som er p\u00e5 nettsiden eller katalogen, er den samme som dere f\u00e5r hos oss (+ frakt)<\/div>\n<p><!--more--><br \/>\n<!-- {\"type\":\"layout\",\"children\":[{\"type\":\"section\",\"props\":{\"image\":\"wp-content\\\/uploads\\\/background-line-31.svg\",\"image_position\":\"center-center\",\"image_size\":\"cover\",\"media_overlay\":\"rgba(255, 255, 255, 0.96)\",\"padding\":\"xlarge\",\"style\":\"default\",\"title_breakpoint\":\"xl\",\"title_position\":\"top-left\",\"title_rotation\":\"left\",\"vertical_align\":\"middle\",\"width\":\"default\"},\"children\":[{\"type\":\"row\",\"props\":{\"margin\":\"large\"},\"children\":[{\"type\":\"column\",\"props\":{\"image_position\":\"center-center\",\"position_sticky_breakpoint\":\"m\"},\"children\":[{\"type\":\"headline\",\"props\":{\"content\":\"Sunwind\",\"text_align\":\"center\",\"title_element\":\"h1\"}}]}]},{\"type\":\"row\",\"props\":{\"layout\":\"1-2,1-2\",\"margin\":\"large\"},\"children\":[{\"type\":\"column\",\"props\":{\"image_position\":\"center-center\",\"position_sticky_breakpoint\":\"m\",\"vertical_align\":\"middle\",\"width_medium\":\"1-2\"},\"children\":[{\"type\":\"headline\",\"props\":{\"content\":\"Vi er forhandlere for Sunwind.\",\"title_element\":\"h2\"}},{\"type\":\"text\",\"props\":{\"column_breakpoint\":\"m\",\"content\":\"Midt-Norsk Byggservice AS er fra og med 2020, forhandler for Sunwind.\\nDet betyr at vi n\\u00e5 kan levere et stort utvalg av artikler til hus og hytter\",\"margin\":\"default\"}},{\"type\":\"button\",\"props\":{\"button_size\":\"large\",\"fullwidth\":true,\"grid_column_gap\":\"small\",\"grid_row_gap\":\"small\",\"margin\":\"default\",\"text_align\":\"center\"},\"children\":[{\"type\":\"button_item\",\"props\":{\"button_style\":\"default\",\"content\":\"Sundwind katalog\",\"icon\":\"world\",\"icon_align\":\"left\",\"link\":\"https:\\\/\\\/www.sunwind.no\\\/alle-produkter\"}},{\"type\":\"button_item\",\"props\":{\"button_style\":\"primary\",\"content\":\"Kontaks oss for tilbud\",\"icon_align\":\"left\",\"link\":\"index.php?page_id=32\"}}]}]},{\"type\":\"column\",\"props\":{\"image_position\":\"center-center\",\"position_sticky_breakpoint\":\"m\",\"vertical_align\":\"middle\",\"width_medium\":\"1-2\"},\"children\":[{\"type\":\"image\",\"props\":{\"image\":\"wp-content\\\/uploads\\\/2025\\\/01\\\/sundvind.png\",\"image_box_decoration\":\"shadow\",\"image_svg_color\":\"emphasis\",\"link\":\"https:\\\/\\\/www.sunwind.no\\\/brosjyrer\",\"link_target\":\"blank\",\"margin\":\"default\",\"text_align\":\"center\"}}]}]}],\"name\":\"Hero\"},{\"type\":\"section\",\"props\":{\"image_position\":\"center-center\",\"padding\":\"large\",\"style\":\"muted\",\"title_breakpoint\":\"xl\",\"title_position\":\"top-left\",\"title_rotation\":\"left\",\"vertical_align\":\"middle\",\"width\":\"default\"},\"children\":[{\"type\":\"row\",\"children\":[{\"type\":\"column\",\"props\":{\"image_position\":\"center-center\",\"position_sticky_breakpoint\":\"m\"},\"children\":[{\"type\":\"headline\",\"props\":{\"content\":\"Hva tilbyr Sundwind?\",\"text_align\":\"center\",\"title_element\":\"h2\"}}]}]},{\"type\":\"row\",\"props\":{\"layout\":\"1-4,1-2,1-4\"},\"children\":[{\"type\":\"column\",\"props\":{\"image_position\":\"center-center\",\"position_sticky_breakpoint\":\"m\",\"width_medium\":\"1-4\"}},{\"type\":\"column\",\"props\":{\"image_position\":\"center-center\",\"padding\":\"small\",\"position_sticky_breakpoint\":\"m\",\"style\":\"card-default\",\"width_medium\":\"1-2\"},\"children\":[{\"type\":\"list\",\"props\":{\"column_breakpoint\":\"m\",\"html_element\":false,\"image_align\":\"left\",\"image_svg_color\":\"emphasis\",\"image_vertical_align\":true,\"list_element\":\"ul\",\"list_horizontal_separator\":\", \",\"list_marker\":\"hyphen\",\"list_style\":\"striped\",\"list_type\":\"vertical\",\"show_image\":true,\"show_link\":true},\"children\":[{\"type\":\"list_item\",\"props\":{\"content\":\"Komfyrer, kj\\u00f8leskap, stekeovner som g\\u00e5r p\\u00e5 gass.\"}},{\"type\":\"list_item\",\"props\":{\"content\":\"Stort utvalg av griller. Gass og kullgriller, b\\u00e5lpanner\\u2026\"}},{\"type\":\"list_item\",\"props\":{\"content\":\"Alt til solcelleanlegg. Paneler, batterier, osv\\u2026\"}},{\"type\":\"list_item\",\"props\":{\"content\":\"Toalettl\\u00f8sninger til fritidsboliger\"}},{\"type\":\"list_item\",\"props\":{\"content\":\"Varmtvannsinstallasjoner p\\u00e5 gass\"}},{\"type\":\"list_item\",\"props\":{\"content\":\"Dusjl\\u00f8sninger til hytta\"}},{\"type\":\"list_item\",\"props\":{\"content\":\"Honda str\\u00f8maggregater\"}},{\"type\":\"list_item\",\"props\":{\"content\":\"Batteriladdere\"}},{\"type\":\"list_item\",\"props\":{\"content\":\"Badstuel\\u00f8sninger\"}},{\"type\":\"list_item\",\"props\":{\"content\":\"Alt av belysning p\\u00e5 12V\"}}]},{\"type\":\"text\",\"props\":{\"column_breakpoint\":\"m\",\"content\":\"Prisene som er p\\u00e5 nettsiden eller katalogen, er den samme som dere f\\u00e5r hos oss (+ frakt)\",\"margin\":\"default\"}}]},{\"type\":\"column\",\"props\":{\"image_position\":\"center-center\",\"position_sticky_breakpoint\":\"m\",\"width_medium\":\"1-4\"}}]}],\"name\":\"Innhold\"}],\"version\":\"4.4.20\"} --><\/p>\n","protected":false},"excerpt":{"rendered":"<p>Sunwind Vi er forhandlere for Sunwind. Midt-Norsk Byggservice AS er fra og med 2020, forhandler for Sunwind. Det betyr at vi n\u00e5 kan levere et stort utvalg av artikler til hus og hytter Sundwind katalog Kontaks oss for tilbud Hva tilbyr Sundwind? Komfyrer, kj\u00f8leskap, stekeovner som g\u00e5r p\u00e5 gass. Stort utvalg av griller. Gass og [&hellip;]<\/p>\n","protected":false},"author":1,"featured_media":0,"parent":14,"menu_order":0,"comment_status":"closed","ping_status":"closed","template":"","meta":{"footnotes":""},"class_list":["post-26","page","type-page","status-publish","hentry"],"_links":{"self":[{"href":"https:\/\/mnbyggservice.no\/index.php?rest_route=\/wp\/v2\/pages\/26","targetHints":{"allow":["GET"]}}],"collection":[{"href":"https:\/\/mnbyggservice.no\/index.php?rest_route=\/wp\/v2\/pages"}],"about":[{"href":"https:\/\/mnbyggservice.no\/index.php?rest_route=\/wp\/v2\/types\/page"}],"author":[{"embeddable":true,"href":"https:\/\/mnbyggservice.no\/index.php?rest_route=\/wp\/v2\/users\/1"}],"replies":[{"embeddable":true,"href":"https:\/\/mnbyggservice.no\/index.php?rest_route=%2Fwp%2Fv2%2Fcomments&post=26"}],"version-history":[{"count":19,"href":"https:\/\/mnbyggservice.no\/index.php?rest_route=\/wp\/v2\/pages\/26\/revisions"}],"predecessor-version":[{"id":266,"href":"https:\/\/mnbyggservice.no\/index.php?rest_route=\/wp\/v2\/pages\/26\/revisions\/266"}],"up":[{"embeddable":true,"href":"https:\/\/mnbyggservice.no\/index.php?rest_route=\/wp\/v2\/pages\/14"}],"wp:attachment":[{"href":"https:\/\/mnbyggservice.no\/index.php?rest_route=%2Fwp%2Fv2%2Fmedia&parent=26"}],"curies":[{"name":"wp","href":"https:\/\/api.w.org\/{rel}","templated":true}]}}