{"id":24,"date":"2025-01-27T10:17:05","date_gmt":"2025-01-27T10:17:05","guid":{"rendered":"https:\/\/new.mnbyggservice.no\/?page_id=24"},"modified":"2025-01-31T10:14:20","modified_gmt":"2025-01-31T10:14:20","slug":"vatrom-med-10-ars-garanti","status":"publish","type":"page","link":"https:\/\/mnbyggservice.no\/?page_id=24","title":{"rendered":"V\u00e5trom &#8211; Med 10 \u00e5rs garanti"},"content":{"rendered":"<h1>V\u00e5trom \u2013 Med 10 \u00e5rs garanti<\/h1>\n<h2>Fra og med desember 2020 f\u00e5r du 10 \u00e5r garanti p\u00e5 v\u00e5trom som vi leverer.<\/h2>\n<div>Dette er en garanti som gjelder tettheten p\u00e5 v\u00e5trommet, som garanterer at badet er potte tett i minst 10 \u00e5r. Dette gjelder kun totalrenovering og nye v\u00e5trom.<\/div>\n<p>\n    <a href=\"\/index.php?page_id=32\">Kontakt oss idag<\/a>\n<\/p>\n<p><img decoding=\"async\" src=\"\/wp-content\/uploads\/2025\/01\/Lundgren_frontImage.png\" alt=\"Lundgren\"><\/p>\n<div>\n<h3>kan by p\u00e5 en rekke utfordringer<\/h3>\n<div>Bygging og rehabilitering av v\u00e5trom kan by p\u00e5 en rekke utfordringer. Det er normalt \u00e5 engasjere inn h\u00e5ndverkere og r\u00f8rleggere n\u00e5r man skal pusse opp v\u00e5trommet, eller man bygger en bolig med et helt nytt v\u00e5trom. Uavhengig som man bygger v\u00e5trommet selv eller bruker fagpersoner til arbeidet, s\u00e5 er det viktig \u00e5 v\u00e6re klar over hvilke regler som gjelder.<\/div>\n<\/div>\n<div>\n<h3>De viktigste reglene<\/h3>\n<div>\n<p>De viktigste reglene om krav til v\u00e5trom finner man i Forskrift om tekniske krav til byggverk (TEK). Dette er en av Plan- og bygningslovens to viktigste forskrifter (den andre handler om s\u00f8knadsprosessen i byggesaker.<\/p>\n<p>Det er s\u00e6rlig TEK \u00a7 13-20 som er viktig n\u00e5r det gjelder de lovfestede kravene til v\u00e5trom;<\/p>\n<\/div>\n<\/div>\n<h2><strong>\u00a7 13-20. V\u00e5trom og rom med vanninstallasjoner<\/strong><\/h2>\n<div>\n<div>V\u00e5trom skal prosjekteres og utf\u00f8res slik at det ikke oppst\u00e5r skade p\u00e5 konstruksjoner og materialer p\u00e5 grunn av vanns\u00f8l, lekkasjevann og kondens.<\/div>\n<\/div>\n<div>\n<p>Dette er regler som m\u00e5 f\u00f8lges, det vil si lovkrav. Hvis man ikke f\u00f8ler reglene i TEK ved oppussing eller bygging av v\u00e5trom, s\u00e5 kan man f\u00e5 p\u00e5legg fra kommunen om retting og i verste fall b\u00f8ter hvis man ikke ordner opp, slik at v\u00e5trommet oppfyller lovens krav. I tillegg vil man kunne f\u00e5 problemer i forhold til en senere kj\u00f8per av boligen, som vil ha en god mangelssak og et godt grunnlag for et \u00f8konomisk krav mot selger av boligen hvis v\u00e5trommet ikke f\u00f8lger kravene i teknisk forskrift.<\/p>\n<\/div>\n<h3>F\u00f8lgende skal minst v\u00e6re oppfylt:<\/h3>\n<ul>\n<li>\n<div>V\u00e5trom skal ha sluk og gulv med tilstrekkelig fall mot sluk for de deler av gulvet som m\u00e5 antas \u00e5 bli utsatt for vann i brukssituasjonen. Rom med sluk skal v\u00e6re utformet slik at eventuelt lekkasjevann ledes til sluk.<\/div>\n<\/li>\n<li>\n<div>I v\u00e5trom skal bakenforliggende konstruksjoner som kan p\u00e5virkes negativt av fukt v\u00e6re beskyttet av et egnet vanntett sjikt. Gjennomf\u00f8ringer skal ikke svekke tettheten. Materialer velges slik at faren for mugg- og soppdannelse er minimal.<\/div>\n<\/li>\n<li>\n<div>I rom som ikke har sluk og vanntett gulv, skal vanninstallasjoner ha overl\u00f8p eller tilsvarende sikring mot fuktskader. Gulv og vegger som kan komme til \u00e5 bli utsatt for vanns\u00f8l, lekkasjevann eller kondens, skal utf\u00f8res med fuktbestandige materialer.<\/div>\n<\/li>\n<li>\n<div>Rom uten sluk skal utformes slik at eventuelle lekkasjer synliggj\u00f8res.<\/div>\n<\/li>\n<li>\n<div>Vegger med innebygde sisterner eller lignende skal sikres mot fuktinntrengning fra lekkasjer fra installasjonen. Eventuelle lekkasjer skal synliggj\u00f8res og i andre rom enn v\u00e5trom skal lekkasjen f\u00f8re til automatisk avstengning av vannet.<\/div>\n<\/li>\n<\/ul>\n<h2><strong>V\u00e5tromsnormen<\/strong><\/h2>\n<ul>\n<li>\n<h3>Byggebransjens v\u00e5tromsnorm (BVN)<\/h3>\n<div>\n<p>V\u00e5tromsnormen er et begrep som man ofte h\u00f8rer i forbindelse med oppf\u00f8ring eller oppussing av v\u00e5trom. Men de fleste forbrukere er d\u00e5rlig kjent med hva v\u00e5tromsnormen egentlig er. V\u00e5tromsromen er en veiledende norm for hvordan v\u00e5trom skal bygges, rett og slett en oppskrift p\u00e5 oppf\u00f8ring og oppussing av v\u00e5trom. Det er byggebransjen selv som har utviklet v\u00e5tromsnormen, n\u00e6rmere bestemt Fagr\u00e5det for v\u00e5trom. Derfor heter v\u00e5tromsnormen egentlig Byggebransjens v\u00e5tromsnorm (BVN).<\/p>\n<\/div>\n<\/li>\n<li>\n<h3>Veiledende oppskrift<\/h3>\n<div>\n<p>Det som er viktig \u00e5 v\u00e6re klar over n\u00e5r det gjelder v\u00e5tromsnomen er at denne ikke er lovfestet. Ingen har en plikt til \u00e5 f\u00f8lge v\u00e5tromsnormen. V\u00e5tromsnormen er derimot en veiledende oppskrift for hvordan man kan og b\u00f8r oppf\u00f8re\/oppusse v\u00e5trom, slik at det ferdige produktet er i tr\u00e5d med de lovfestede reglene i TEK (se over). V\u00e5tromsnormen skal rett og slett bidra til at b\u00e5de byggematerialene og den tekniske l\u00f8sningen (planl\u00f8sningen) er s\u00e5 god at forbrukeren sitter igjen med et godt og solig v\u00e5trom som oppfyller lovens krav, og som man vil ha glede av i mange \u00e5r fremover.<\/p>\n<\/div>\n<\/li>\n<li>\n<h3>Fagfolkene er derfor bundet av v\u00e5tromsnormen<\/h3>\n<div>\n<p>Selv om v\u00e5tromsnormen ikke er lovfestet, er det vanlig at det avtales mellom forbrukeren og fagfolkene som skal bygge v\u00e5trommet, at v\u00e5tromsnormen skal f\u00f8lges. Da blir dette en del av avtalen mellom partene, og fagfolkene er derfor bundet av v\u00e5tromsnormen. Vi vil sterkt anbefale at alle som vurderer \u00e5 inng\u00e5 en avtale med profesjonelle akt\u00f8rer i forbindelse med oppf\u00f8ring eller oppussing av v\u00e5trom krever \u00e5 f\u00e5 med i kontrakten at v\u00e5tromsnormen skal f\u00f8lges. Da st\u00e5r man mye tryggere i forhold til sikkerheten om at man f\u00e5r et faglig godt v\u00e5trom som oppfyller lovens krav.<\/p>\n<\/div>\n<\/li>\n<\/ul>\n<h2>Krav til dokumentasjon ved oppf\u00f8ring\/oppussing av v\u00e5trom<\/h2>\n<div>N\u00e5r man leier inn fagfolk til \u00e5 utf\u00f8re arbeidet med \u00e5 pusse opp eller oppf\u00f8re et v\u00e5trom, s\u00e5 \u00f8nsker man gjerne en dokumentasjon p\u00e5 at v\u00e5trommet er utf\u00f8rt i forhold til faglig standard og lovkravene. TEK \u00a7 4-1 har regler om hva du som forbruker kan kreve av dokumentasjon for arbeidet som er utf\u00f8rt;<\/div>\n<h3>\u00a7 4-1. Dokumentasjon for driftsfasen<\/h3>\n<ul>\n<li>\n<div>Ansvarlig prosjekterende og ansvarlig utf\u00f8rende skal, innenfor sitt ansvarsomr\u00e5de, framlegge for ansvarlig s\u00f8ker n\u00f8dvendig dokumentasjon som grunnlag for hvordan igangsetting, forvaltning, drift og vedlikehold av byggverk, tekniske installasjoner og anlegg skal utf\u00f8res p\u00e5 tilfredsstillende m\u00e5te.<\/div>\n<\/li>\n<li>\n<div>I tilfeller der slik dokumentasjon \u00e5penbart er overfl\u00f8dig, bortfaller kravet.<\/div>\n<\/li>\n<\/ul>\n<p><!--more--><br \/>\n<!-- {\"type\":\"layout\",\"children\":[{\"type\":\"section\",\"props\":{\"image\":\"wp-content\\\/uploads\\\/background-line-31.svg\",\"image_position\":\"center-center\",\"image_size\":\"cover\",\"media_overlay\":\"rgba(255, 255, 255, 0.96)\",\"padding\":\"xlarge\",\"style\":\"default\",\"title_breakpoint\":\"xl\",\"title_position\":\"top-left\",\"title_rotation\":\"left\",\"vertical_align\":\"middle\",\"width\":\"default\"},\"children\":[{\"type\":\"row\",\"props\":{\"margin\":\"large\"},\"children\":[{\"type\":\"column\",\"props\":{\"image_position\":\"center-center\",\"position_sticky_breakpoint\":\"m\"},\"children\":[{\"type\":\"headline\",\"props\":{\"content\":\"V\\u00e5trom \\u2013 Med 10 \\u00e5rs garanti\",\"text_align\":\"center\",\"title_element\":\"h1\"}}]}]},{\"type\":\"row\",\"props\":{\"layout\":\"1-2,1-2\",\"margin\":\"large\"},\"children\":[{\"type\":\"column\",\"props\":{\"image_position\":\"center-center\",\"position_sticky_breakpoint\":\"m\",\"vertical_align\":\"middle\",\"width_medium\":\"1-2\"},\"children\":[{\"type\":\"headline\",\"props\":{\"content\":\"Fra og med desember 2020 f\\u00e5r du 10 \\u00e5r garanti p\\u00e5 v\\u00e5trom som vi leverer.\",\"title_element\":\"h2\"}},{\"type\":\"text\",\"props\":{\"column_breakpoint\":\"m\",\"content\":\"Dette er en garanti som gjelder tettheten p\\u00e5 v\\u00e5trommet, som garanterer at badet er potte tett i minst 10 \\u00e5r. Dette gjelder kun totalrenovering og nye v\\u00e5trom.\",\"margin\":\"default\",\"text_style\":\"large\"}},{\"type\":\"button\",\"props\":{\"button_size\":\"large\",\"fullwidth\":true,\"grid_column_gap\":\"small\",\"grid_row_gap\":\"small\",\"margin\":\"default\",\"text_align\":\"center\"},\"children\":[{\"type\":\"button_item\",\"props\":{\"button_style\":\"primary\",\"content\":\"Kontakt oss idag\",\"icon_align\":\"left\",\"link\":\"index.php?page_id=32\"}}]}]},{\"type\":\"column\",\"props\":{\"image_position\":\"center-center\",\"position_sticky_breakpoint\":\"m\",\"width_medium\":\"1-2\"},\"children\":[{\"type\":\"image\",\"props\":{\"image\":\"wp-content\\\/uploads\\\/2025\\\/01\\\/Lundgren_frontImage.png\",\"image_alt\":\"Lundgren\",\"image_border\":\"rounded\",\"image_box_decoration\":\"default\",\"image_box_shadow\":\"medium\",\"image_svg_color\":\"emphasis\",\"margin\":\"default\",\"text_align\":\"center\"}}]}]}],\"name\":\"Hero\"},{\"type\":\"section\",\"props\":{\"image_position\":\"center-center\",\"padding\":\"large\",\"style\":\"muted\",\"title_breakpoint\":\"xl\",\"title_position\":\"top-left\",\"title_rotation\":\"left\",\"vertical_align\":\"middle\",\"width\":\"default\"},\"children\":[{\"type\":\"row\",\"children\":[{\"type\":\"column\",\"props\":{\"image_position\":\"center-center\",\"position_sticky_breakpoint\":\"m\"},\"children\":[{\"type\":\"panel\",\"props\":{\"content\":\"Bygging og rehabilitering av v\\u00e5trom kan by p\\u00e5 en rekke utfordringer. Det er normalt \\u00e5 engasjere inn h\\u00e5ndverkere og r\\u00f8rleggere n\\u00e5r man skal pusse opp v\\u00e5trommet, eller man bygger en bolig med et helt nytt v\\u00e5trom. Uavhengig som man bygger v\\u00e5trommet selv eller bruker fagpersoner til arbeidet, s\\u00e5 er det viktig \\u00e5 v\\u00e6re klar over hvilke regler som gjelder.\",\"content_column_breakpoint\":\"m\",\"icon_width\":80,\"image_align\":\"top\",\"image_grid_breakpoint\":\"m\",\"image_grid_width\":\"1-2\",\"image_svg_color\":\"emphasis\",\"link_style\":\"default\",\"link_text\":\"Read more\",\"margin\":\"default\",\"meta_align\":\"below-title\",\"meta_element\":\"div\",\"meta_style\":\"text-meta\",\"panel_padding\":\"small\",\"panel_style\":\"card-default\",\"title\":\"kan by p\\u00e5 en rekke utfordringer\",\"title_align\":\"top\",\"title_element\":\"h3\",\"title_grid_breakpoint\":\"m\",\"title_grid_width\":\"1-2\",\"title_hover_style\":\"reset\"}},{\"type\":\"panel\",\"props\":{\"content\":\"\n\n<p>De viktigste reglene om krav til v\\u00e5trom finner man i Forskrift om tekniske krav til byggverk (TEK). Dette er en av Plan- og bygningslovens to viktigste forskrifter (den andre handler om s\\u00f8knadsprosessen i byggesaker.<\\\/p>\\n\n\n<p>Det er s\\u00e6rlig TEK \\u00a7 13-20 som er viktig n\\u00e5r det gjelder de lovfestede kravene til v\\u00e5trom;<\\\/p>\",\"content_column_breakpoint\":\"m\",\"icon_width\":80,\"image_align\":\"top\",\"image_grid_breakpoint\":\"m\",\"image_grid_width\":\"1-2\",\"image_svg_color\":\"emphasis\",\"link_style\":\"default\",\"link_text\":\"Read more\",\"margin\":\"default\",\"meta_align\":\"below-title\",\"meta_element\":\"div\",\"meta_style\":\"text-meta\",\"panel_padding\":\"small\",\"panel_style\":\"card-default\",\"title\":\"De viktigste reglene\",\"title_align\":\"top\",\"title_element\":\"h3\",\"title_grid_breakpoint\":\"m\",\"title_grid_width\":\"1-2\",\"title_hover_style\":\"reset\"}}]}]}],\"name\":\"Innhold\"},{\"type\":\"section\",\"props\":{\"image_position\":\"center-center\",\"style\":\"default\",\"title_breakpoint\":\"xl\",\"title_position\":\"top-left\",\"title_rotation\":\"left\",\"vertical_align\":\"middle\",\"width\":\"default\"},\"children\":[{\"type\":\"row\",\"children\":[{\"type\":\"column\",\"props\":{\"image_position\":\"center-center\",\"position_sticky_breakpoint\":\"m\"},\"children\":[{\"type\":\"headline\",\"props\":{\"content\":\"<strong>\\u00a7 13-20. V\\u00e5trom og rom med vanninstallasjoner<\\\/strong>\",\"text_align\":\"center\",\"title_element\":\"h2\"}}]}]},{\"type\":\"row\",\"props\":{\"layout\":\"1-2,1-2\"},\"children\":[{\"type\":\"column\",\"props\":{\"image_position\":\"center-center\",\"position_sticky_breakpoint\":\"m\",\"width_medium\":\"1-2\"},\"children\":[{\"type\":\"list\",\"props\":{\"column_breakpoint\":\"m\",\"image_align\":\"left\",\"image_svg_color\":\"emphasis\",\"image_vertical_align\":true,\"list_element\":\"ul\",\"list_horizontal_separator\":\", \",\"list_type\":\"vertical\",\"show_image\":true,\"show_link\":true},\"children\":[{\"type\":\"list_item\",\"props\":{\"content\":\"V\\u00e5trom skal prosjekteres og utf\\u00f8res slik at det ikke oppst\\u00e5r skade p\\u00e5 konstruksjoner og materialer p\\u00e5 grunn av vanns\\u00f8l, lekkasjevann og kondens.\"}}]}]},{\"type\":\"column\",\"props\":{\"image_position\":\"center-center\",\"position_sticky_breakpoint\":\"m\",\"width_medium\":\"1-2\"},\"children\":[{\"type\":\"text\",\"props\":{\"column_breakpoint\":\"m\",\"content\":\"\n\n<p>Dette er regler som m\\u00e5 f\\u00f8lges, det vil si lovkrav. Hvis man ikke f\\u00f8ler reglene i TEK ved oppussing eller bygging av v\\u00e5trom, s\\u00e5 kan man f\\u00e5 p\\u00e5legg fra kommunen om retting og i verste fall b\\u00f8ter hvis man ikke ordner opp, slik at v\\u00e5trommet oppfyller lovens krav. I tillegg vil man kunne f\\u00e5 problemer i forhold til en senere kj\\u00f8per av boligen, som vil ha en god mangelssak og et godt grunnlag for et \\u00f8konomisk krav mot selger av boligen hvis v\\u00e5trommet ikke f\\u00f8lger kravene i teknisk forskrift.<\\\/p>\",\"margin\":\"default\"}}]}]},{\"type\":\"row\",\"children\":[{\"type\":\"column\",\"props\":{\"image_position\":\"center-center\",\"position_sticky_breakpoint\":\"m\"},\"children\":[{\"type\":\"headline\",\"props\":{\"content\":\"F\\u00f8lgende skal minst v\\u00e6re oppfylt:\",\"title_element\":\"h3\"}},{\"type\":\"list\",\"props\":{\"column_breakpoint\":\"m\",\"image_align\":\"left\",\"image_svg_color\":\"emphasis\",\"image_vertical_align\":true,\"list_element\":\"ul\",\"list_horizontal_separator\":\", \",\"list_marker\":\"bullet\",\"list_style\":\"striped\",\"list_type\":\"vertical\",\"show_image\":true,\"show_link\":true},\"children\":[{\"type\":\"list_item\",\"props\":{\"content\":\"V\\u00e5trom skal ha sluk og gulv med tilstrekkelig fall mot sluk for de deler av gulvet som m\\u00e5 antas \\u00e5 bli utsatt for vann i brukssituasjonen. Rom med sluk skal v\\u00e6re utformet slik at eventuelt lekkasjevann ledes til sluk.\"}},{\"type\":\"list_item\",\"props\":{\"content\":\"I v\\u00e5trom skal bakenforliggende konstruksjoner som kan p\\u00e5virkes negativt av fukt v\\u00e6re beskyttet av et egnet vanntett sjikt. Gjennomf\\u00f8ringer skal ikke svekke tettheten. Materialer velges slik at faren for mugg- og soppdannelse er minimal.\"}},{\"type\":\"list_item\",\"props\":{\"content\":\"I rom som ikke har sluk og vanntett gulv, skal vanninstallasjoner ha overl\\u00f8p eller tilsvarende sikring mot fuktskader. Gulv og vegger som kan komme til \\u00e5 bli utsatt for vanns\\u00f8l, lekkasjevann eller kondens, skal utf\\u00f8res med fuktbestandige materialer.\"}},{\"type\":\"list_item\",\"props\":{\"content\":\"Rom uten sluk skal utformes slik at eventuelle lekkasjer synliggj\\u00f8res.\"}},{\"type\":\"list_item\",\"props\":{\"content\":\"Vegger med innebygde sisterner eller lignende skal sikres mot fuktinntrengning fra lekkasjer fra installasjonen. Eventuelle lekkasjer skal synliggj\\u00f8res og i andre rom enn v\\u00e5trom skal lekkasjen f\\u00f8re til automatisk avstengning av vannet.\"}}]}]}]}],\"name\":\"\\u00a7 13-20. V\\u00e5trom og rom med vanninstallasjoner\"},{\"type\":\"section\",\"props\":{\"image_position\":\"center-center\",\"style\":\"muted\",\"title_breakpoint\":\"xl\",\"title_position\":\"top-left\",\"title_rotation\":\"left\",\"vertical_align\":\"middle\",\"width\":\"default\"},\"children\":[{\"type\":\"row\",\"children\":[{\"type\":\"column\",\"props\":{\"image_position\":\"center-center\",\"position_sticky_breakpoint\":\"m\"},\"children\":[{\"type\":\"headline\",\"props\":{\"content\":\"<strong>V\\u00e5tromsnormen<\\\/strong>\",\"text_align\":\"center\",\"title_element\":\"h2\"}}]}]},{\"type\":\"row\",\"children\":[{\"type\":\"column\",\"props\":{\"image_position\":\"center-center\",\"position_sticky_breakpoint\":\"m\"},\"children\":[{\"type\":\"grid\",\"props\":{\"content_column_breakpoint\":\"m\",\"filter_align\":\"left\",\"filter_all\":true,\"filter_grid_breakpoint\":\"m\",\"filter_grid_width\":\"auto\",\"filter_position\":\"top\",\"filter_style\":\"tab\",\"grid_default\":\"1\",\"grid_medium\":\"3\",\"icon_width\":80,\"image_align\":\"top\",\"image_grid_breakpoint\":\"m\",\"image_grid_width\":\"1-2\",\"image_svg_color\":\"emphasis\",\"item_animation\":true,\"link_style\":\"default\",\"link_text\":\"Read more\",\"margin\":\"default\",\"meta_align\":\"below-title\",\"meta_element\":\"div\",\"meta_style\":\"text-meta\",\"panel_padding\":\"small\",\"panel_style\":\"card-default\",\"show_content\":true,\"show_image\":true,\"show_link\":true,\"show_meta\":true,\"show_title\":true,\"title_align\":\"top\",\"title_element\":\"h3\",\"title_grid_breakpoint\":\"m\",\"title_grid_width\":\"1-2\",\"title_hover_style\":\"reset\",\"title_style\":\"h5\"},\"children\":[{\"type\":\"grid_item\",\"props\":{\"content\":\"\n\n<p>V\\u00e5tromsnormen er et begrep som man ofte h\\u00f8rer i forbindelse med oppf\\u00f8ring eller oppussing av v\\u00e5trom. Men de fleste forbrukere er d\\u00e5rlig kjent med hva v\\u00e5tromsnormen egentlig er. V\\u00e5tromsromen er en veiledende norm for hvordan v\\u00e5trom skal bygges, rett og slett en oppskrift p\\u00e5 oppf\\u00f8ring og oppussing av v\\u00e5trom. Det er byggebransjen selv som har utviklet v\\u00e5tromsnormen, n\\u00e6rmere bestemt Fagr\\u00e5det for v\\u00e5trom. Derfor heter v\\u00e5tromsnormen egentlig Byggebransjens v\\u00e5tromsnorm (BVN).<\\\/p>\",\"title\":\"Byggebransjens v\\u00e5tromsnorm (BVN)\"}},{\"type\":\"grid_item\",\"props\":{\"content\":\"\n\n<p>Det som er viktig \\u00e5 v\\u00e6re klar over n\\u00e5r det gjelder v\\u00e5tromsnomen er at denne ikke er lovfestet. Ingen har en plikt til \\u00e5 f\\u00f8lge v\\u00e5tromsnormen. V\\u00e5tromsnormen er derimot en veiledende oppskrift for hvordan man kan og b\\u00f8r oppf\\u00f8re\\\/oppusse v\\u00e5trom, slik at det ferdige produktet er i tr\\u00e5d med de lovfestede reglene i TEK (se over). V\\u00e5tromsnormen skal rett og slett bidra til at b\\u00e5de byggematerialene og den tekniske l\\u00f8sningen (planl\\u00f8sningen) er s\\u00e5 god at forbrukeren sitter igjen med et godt og solig v\\u00e5trom som oppfyller lovens krav, og som man vil ha glede av i mange \\u00e5r fremover.<\\\/p>\",\"title\":\"Veiledende oppskrift\"}},{\"type\":\"grid_item\",\"props\":{\"content\":\"\n\n<p>Selv om v\\u00e5tromsnormen ikke er lovfestet, er det vanlig at det avtales mellom forbrukeren og fagfolkene som skal bygge v\\u00e5trommet, at v\\u00e5tromsnormen skal f\\u00f8lges. Da blir dette en del av avtalen mellom partene, og fagfolkene er derfor bundet av v\\u00e5tromsnormen. Vi vil sterkt anbefale at alle som vurderer \\u00e5 inng\\u00e5 en avtale med profesjonelle akt\\u00f8rer i forbindelse med oppf\\u00f8ring eller oppussing av v\\u00e5trom krever \\u00e5 f\\u00e5 med i kontrakten at v\\u00e5tromsnormen skal f\\u00f8lges. Da st\\u00e5r man mye tryggere i forhold til sikkerheten om at man f\\u00e5r et faglig godt v\\u00e5trom som oppfyller lovens krav.<\\\/p>\",\"title\":\"Fagfolkene er derfor bundet av v\\u00e5tromsnormen\"}}]}]}]}],\"name\":\"V\\u00e5tromsnormen\"},{\"type\":\"section\",\"props\":{\"image_position\":\"center-center\",\"style\":\"default\",\"title_breakpoint\":\"xl\",\"title_position\":\"top-left\",\"title_rotation\":\"left\",\"vertical_align\":\"middle\",\"width\":\"default\"},\"children\":[{\"type\":\"row\",\"children\":[{\"type\":\"column\",\"props\":{\"image_position\":\"center-center\",\"position_sticky_breakpoint\":\"m\"},\"children\":[{\"type\":\"headline\",\"props\":{\"content\":\"Krav til dokumentasjon ved oppf\\u00f8ring\\\/oppussing av v\\u00e5trom\",\"text_align\":\"center\",\"title_element\":\"h2\"}}]}]},{\"type\":\"row\",\"props\":{\"layout\":\"1-2,1-2\"},\"children\":[{\"type\":\"column\",\"props\":{\"image_position\":\"center-center\",\"position_sticky_breakpoint\":\"m\",\"width_medium\":\"1-2\"},\"children\":[{\"type\":\"text\",\"props\":{\"column_breakpoint\":\"m\",\"content\":\"N\\u00e5r man leier inn fagfolk til \\u00e5 utf\\u00f8re arbeidet med \\u00e5 pusse opp eller oppf\\u00f8re et v\\u00e5trom, s\\u00e5 \\u00f8nsker man gjerne en dokumentasjon p\\u00e5 at v\\u00e5trommet er utf\\u00f8rt i forhold til faglig standard og lovkravene. TEK \\u00a7 4-1 har regler om hva du som forbruker kan kreve av dokumentasjon for arbeidet som er utf\\u00f8rt;\",\"margin\":\"default\"}}]},{\"type\":\"column\",\"props\":{\"image_position\":\"center-center\",\"position_sticky_breakpoint\":\"m\",\"width_medium\":\"1-2\"},\"children\":[{\"type\":\"headline\",\"props\":{\"content\":\"\\u00a7 4-1. Dokumentasjon for driftsfasen\",\"title_element\":\"h3\"}},{\"type\":\"list\",\"props\":{\"column_breakpoint\":\"m\",\"image_align\":\"left\",\"image_svg_color\":\"emphasis\",\"image_vertical_align\":true,\"list_element\":\"ul\",\"list_horizontal_separator\":\", \",\"list_marker\":\"bullet\",\"list_style\":\"striped\",\"list_type\":\"vertical\",\"show_image\":true,\"show_link\":true},\"children\":[{\"type\":\"list_item\",\"props\":{\"content\":\"Ansvarlig prosjekterende og ansvarlig utf\\u00f8rende skal, innenfor sitt ansvarsomr\\u00e5de, framlegge for ansvarlig s\\u00f8ker n\\u00f8dvendig dokumentasjon som grunnlag for hvordan igangsetting, forvaltning, drift og vedlikehold av byggverk, tekniske installasjoner og anlegg skal utf\\u00f8res p\\u00e5 tilfredsstillende m\\u00e5te.\"}},{\"type\":\"list_item\",\"props\":{\"content\":\"I tilfeller der slik dokumentasjon \\u00e5penbart er overfl\\u00f8dig, bortfaller kravet.\"}}]}]}]}],\"name\":\"Krav til dokumentasjon ved oppf\\u00f8ring\\\/oppussing av v\\u00e5trom\"}],\"version\":\"4.4.20\"} --><\/p>\n","protected":false},"excerpt":{"rendered":"<p>V\u00e5trom \u2013 Med 10 \u00e5rs garanti Fra og med desember 2020 f\u00e5r du 10 \u00e5r garanti p\u00e5 v\u00e5trom som vi leverer. Dette er en garanti som gjelder tettheten p\u00e5 v\u00e5trommet, som garanterer at badet er potte tett i minst 10 \u00e5r. Dette gjelder kun totalrenovering og nye v\u00e5trom. Kontakt oss idag kan by p\u00e5 en [&hellip;]<\/p>\n","protected":false},"author":1,"featured_media":0,"parent":14,"menu_order":0,"comment_status":"closed","ping_status":"closed","template":"","meta":{"footnotes":""},"class_list":["post-24","page","type-page","status-publish","hentry"],"_links":{"self":[{"href":"https:\/\/mnbyggservice.no\/index.php?rest_route=\/wp\/v2\/pages\/24","targetHints":{"allow":["GET"]}}],"collection":[{"href":"https:\/\/mnbyggservice.no\/index.php?rest_route=\/wp\/v2\/pages"}],"about":[{"href":"https:\/\/mnbyggservice.no\/index.php?rest_route=\/wp\/v2\/types\/page"}],"author":[{"embeddable":true,"href":"https:\/\/mnbyggservice.no\/index.php?rest_route=\/wp\/v2\/users\/1"}],"replies":[{"embeddable":true,"href":"https:\/\/mnbyggservice.no\/index.php?rest_route=%2Fwp%2Fv2%2Fcomments&post=24"}],"version-history":[{"count":30,"href":"https:\/\/mnbyggservice.no\/index.php?rest_route=\/wp\/v2\/pages\/24\/revisions"}],"predecessor-version":[{"id":248,"href":"https:\/\/mnbyggservice.no\/index.php?rest_route=\/wp\/v2\/pages\/24\/revisions\/248"}],"up":[{"embeddable":true,"href":"https:\/\/mnbyggservice.no\/index.php?rest_route=\/wp\/v2\/pages\/14"}],"wp:attachment":[{"href":"https:\/\/mnbyggservice.no\/index.php?rest_route=%2Fwp%2Fv2%2Fmedia&parent=24"}],"curies":[{"name":"wp","href":"https:\/\/api.w.org\/{rel}","templated":true}]}}