{"id":22,"date":"2025-01-27T10:16:41","date_gmt":"2025-01-27T10:16:41","guid":{"rendered":"https:\/\/new.mnbyggservice.no\/?page_id=22"},"modified":"2025-01-31T09:59:09","modified_gmt":"2025-01-31T09:59:09","slug":"rorlegger","status":"publish","type":"page","link":"https:\/\/mnbyggservice.no\/?page_id=22","title":{"rendered":"R\u00f8rlegger"},"content":{"rendered":"<h1>R\u00f8rlegger<\/h1>\n<h2>V\u00e5r egen r\u00f8rlegger<\/h2>\n<div>Vi har en egen r\u00f8rlegger i teamet, og kan derfor ta p\u00e5 oss alt av r\u00f8rleggerarbeid i din bolig. For \u00e5 utf\u00f8re v\u00e5tromsarbeid kreves en sentral godkjenning.<\/div>\n<p>\n    <a href=\"\/index.php?page_id=32\">Kontakt Oss<\/a>\n<\/p>\n<h3>sertifisering<\/h3>\n<div>Vi er sertifisert etter v\u00e5tromsnormen, og vi s\u00f8rger for at jobben blir utf\u00f8rt i tr\u00e5d med gjeldende forskrifter. Bruker du ufagl\u00e6rte til v\u00e5tromsarbeider kan det koste deg dyrt hvis en lekkasje oppst\u00e5r. Det kan f\u00e5 konsekvenser for forsikringsutbetalingen hvis arbeidet ikke er utf\u00f8rt av en autorisert r\u00f8rlegger.<\/div>\n<div>Din beste forsikringen er \u00e5 la en r\u00f8rlegger ta seg av jobben!<\/div>\n<p><!--more--><br \/>\n<!-- {\"type\":\"layout\",\"children\":[{\"type\":\"section\",\"props\":{\"image\":\"wp-content\\\/uploads\\\/background-line-31.svg\",\"image_position\":\"center-center\",\"image_size\":\"cover\",\"media_overlay\":\"rgba(255, 255, 255, 0.96)\",\"padding\":\"xlarge\",\"style\":\"default\",\"title_breakpoint\":\"xl\",\"title_position\":\"top-left\",\"title_rotation\":\"left\",\"vertical_align\":\"middle\",\"width\":\"default\"},\"children\":[{\"type\":\"row\",\"props\":{\"margin\":\"large\"},\"children\":[{\"type\":\"column\",\"props\":{\"image_position\":\"center-center\",\"position_sticky_breakpoint\":\"m\"},\"children\":[{\"type\":\"headline\",\"props\":{\"content\":\"R\\u00f8rlegger\",\"text_align\":\"center\",\"title_element\":\"h1\"}}]}]},{\"type\":\"row\",\"props\":{\"layout\":\"1-2,1-2\",\"margin\":\"large\"},\"children\":[{\"type\":\"column\",\"props\":{\"image_position\":\"center-center\",\"position_sticky_breakpoint\":\"m\",\"vertical_align\":\"middle\",\"width_medium\":\"1-2\"},\"children\":[{\"type\":\"headline\",\"props\":{\"content\":\"V\\u00e5r egen r\\u00f8rlegger\",\"title_element\":\"h2\"}},{\"type\":\"text\",\"props\":{\"column_breakpoint\":\"m\",\"content\":\"Vi har en egen r\\u00f8rlegger i teamet, og kan derfor ta p\\u00e5 oss alt av r\\u00f8rleggerarbeid i din bolig. For \\u00e5 utf\\u00f8re v\\u00e5tromsarbeid kreves en sentral godkjenning.\",\"margin\":\"default\",\"text_style\":\"large\"}},{\"type\":\"button\",\"props\":{\"button_size\":\"large\",\"fullwidth\":true,\"grid_column_gap\":\"small\",\"grid_row_gap\":\"small\",\"margin\":\"default\",\"text_align\":\"center\"},\"children\":[{\"type\":\"button_item\",\"props\":{\"button_style\":\"default\",\"content\":\"Kontakt Oss\",\"icon_align\":\"left\",\"link\":\"index.php?page_id=32\"}}]}]},{\"type\":\"column\",\"props\":{\"image_position\":\"center-center\",\"position_sticky_breakpoint\":\"m\",\"width_medium\":\"1-2\"},\"children\":[{\"type\":\"image\",\"props\":{\"image_svg_color\":\"emphasis\",\"margin\":\"default\"}}]}]}],\"name\":\"Hero\"},{\"type\":\"section\",\"props\":{\"image_position\":\"center-center\",\"padding\":\"large\",\"style\":\"muted\",\"title_breakpoint\":\"xl\",\"title_position\":\"top-left\",\"title_rotation\":\"left\",\"vertical_align\":\"middle\",\"width\":\"default\"},\"children\":[{\"type\":\"row\",\"children\":[{\"type\":\"column\",\"props\":{\"image_position\":\"center-center\",\"position_sticky_breakpoint\":\"m\"},\"children\":[{\"type\":\"headline\",\"props\":{\"content\":\"sertifisering\",\"title_element\":\"h3\"}},{\"type\":\"text\",\"props\":{\"column_breakpoint\":\"m\",\"content\":\"Vi er sertifisert etter v\\u00e5tromsnormen, og vi s\\u00f8rger for at jobben blir utf\\u00f8rt i tr\\u00e5d med gjeldende forskrifter. Bruker du ufagl\\u00e6rte til v\\u00e5tromsarbeider kan det koste deg dyrt hvis en lekkasje oppst\\u00e5r. Det kan f\\u00e5 konsekvenser for forsikringsutbetalingen hvis arbeidet ikke er utf\\u00f8rt av en autorisert r\\u00f8rlegger.\",\"margin\":\"default\"}},{\"type\":\"text\",\"props\":{\"column_breakpoint\":\"m\",\"content\":\"Din beste forsikringen er \\u00e5 la en r\\u00f8rlegger ta seg av jobben!\",\"margin\":\"default\"}}]}]}],\"name\":\"Innhold\"}],\"version\":\"4.4.20\"} --><\/p>\n","protected":false},"excerpt":{"rendered":"<p>R\u00f8rlegger V\u00e5r egen r\u00f8rlegger Vi har en egen r\u00f8rlegger i teamet, og kan derfor ta p\u00e5 oss alt av r\u00f8rleggerarbeid i din bolig. For \u00e5 utf\u00f8re v\u00e5tromsarbeid kreves en sentral godkjenning. Kontakt Oss sertifisering Vi er sertifisert etter v\u00e5tromsnormen, og vi s\u00f8rger for at jobben blir utf\u00f8rt i tr\u00e5d med gjeldende forskrifter. Bruker du ufagl\u00e6rte [&hellip;]<\/p>\n","protected":false},"author":1,"featured_media":0,"parent":14,"menu_order":0,"comment_status":"closed","ping_status":"closed","template":"","meta":{"footnotes":""},"class_list":["post-22","page","type-page","status-publish","hentry"],"_links":{"self":[{"href":"https:\/\/mnbyggservice.no\/index.php?rest_route=\/wp\/v2\/pages\/22","targetHints":{"allow":["GET"]}}],"collection":[{"href":"https:\/\/mnbyggservice.no\/index.php?rest_route=\/wp\/v2\/pages"}],"about":[{"href":"https:\/\/mnbyggservice.no\/index.php?rest_route=\/wp\/v2\/types\/page"}],"author":[{"embeddable":true,"href":"https:\/\/mnbyggservice.no\/index.php?rest_route=\/wp\/v2\/users\/1"}],"replies":[{"embeddable":true,"href":"https:\/\/mnbyggservice.no\/index.php?rest_route=%2Fwp%2Fv2%2Fcomments&post=22"}],"version-history":[{"count":8,"href":"https:\/\/mnbyggservice.no\/index.php?rest_route=\/wp\/v2\/pages\/22\/revisions"}],"predecessor-version":[{"id":219,"href":"https:\/\/mnbyggservice.no\/index.php?rest_route=\/wp\/v2\/pages\/22\/revisions\/219"}],"up":[{"embeddable":true,"href":"https:\/\/mnbyggservice.no\/index.php?rest_route=\/wp\/v2\/pages\/14"}],"wp:attachment":[{"href":"https:\/\/mnbyggservice.no\/index.php?rest_route=%2Fwp%2Fv2%2Fmedia&parent=22"}],"curies":[{"name":"wp","href":"https:\/\/api.w.org\/{rel}","templated":true}]}}