{"id":20,"date":"2025-01-27T10:16:21","date_gmt":"2025-01-27T10:16:21","guid":{"rendered":"https:\/\/new.mnbyggservice.no\/?page_id=20"},"modified":"2025-01-31T09:53:04","modified_gmt":"2025-01-31T09:53:04","slug":"tegning","status":"publish","type":"page","link":"https:\/\/mnbyggservice.no\/?page_id=20","title":{"rendered":"tegning"},"content":{"rendered":"<h1>Tegning<\/h1>\n<h2>Vi utf\u00f8rer alt av tegninger<\/h2>\n<p><img decoding=\"async\" src=\"\/wp-content\/uploads\/2025\/01\/autodesk.png\" alt=\"\"><\/p>\n<div>Det v\u00e6re seg tegning av ny bolig, tilbygg, p\u00e5bygg, garasjer osv. Vi kan ogs\u00e5 lage eller oppdatere r\u00f8mningsplaner, detektorplaner, innsatsplaner og branntekniske tegninger.<\/div>\n<div>Er du bruker av renholdsmodulen i Famac, kan vi ogs\u00e5 tegne renholdstegninger i .dxf som kan lastes opp i systemet.<\/div>\n<p>\n    <a href=\"\/index.php?page_id=32\">Kontakt oss idag<\/a>\n<\/p>\n<p><img decoding=\"async\" src=\"\/wp-content\/uploads\/pexels-photo-6615284-scaled.jpeg\" alt=\"\"><\/p>\n<p><!--more--><br \/>\n<!-- {\"type\":\"layout\",\"children\":[{\"type\":\"section\",\"props\":{\"image\":\"wp-content\\\/uploads\\\/background-line-31.svg\",\"image_position\":\"center-center\",\"image_size\":\"cover\",\"media_overlay\":\"rgba(255, 255, 255, 0.96)\",\"padding\":\"xlarge\",\"style\":\"default\",\"title_breakpoint\":\"xl\",\"title_position\":\"top-left\",\"title_rotation\":\"left\",\"vertical_align\":\"middle\",\"width\":\"default\"},\"children\":[{\"type\":\"row\",\"props\":{\"margin\":\"large\"},\"children\":[{\"type\":\"column\",\"props\":{\"image_position\":\"center-center\",\"position_sticky_breakpoint\":\"m\"},\"children\":[{\"type\":\"headline\",\"props\":{\"content\":\"Tegning\",\"text_align\":\"center\",\"title_element\":\"h1\"}}]}]},{\"type\":\"row\",\"props\":{\"layout\":\"1-2,1-2\",\"margin\":\"large\"},\"children\":[{\"type\":\"column\",\"props\":{\"image_position\":\"center-center\",\"position_sticky_breakpoint\":\"m\",\"vertical_align\":\"middle\",\"width_medium\":\"1-2\"},\"children\":[{\"type\":\"headline\",\"props\":{\"content\":\"Vi utf\\u00f8rer alt av tegninger\",\"title_element\":\"h2\"}},{\"type\":\"fragment\",\"props\":{\"margin\":\"default\"},\"children\":[{\"type\":\"row\",\"props\":{\"layout\":\"1-6,5-6|1-5,4-5\"},\"children\":[{\"type\":\"column\",\"props\":{\"image_position\":\"center-center\",\"position_sticky_breakpoint\":\"m\",\"width_medium\":\"1-6\",\"width_small\":\"1-5\"},\"children\":[{\"type\":\"image\",\"props\":{\"image\":\"wp-content\\\/uploads\\\/2025\\\/01\\\/autodesk.png\",\"image_svg_color\":\"emphasis\",\"margin\":\"default\"}}]},{\"type\":\"column\",\"props\":{\"image_position\":\"center-center\",\"position_sticky_breakpoint\":\"m\",\"width_medium\":\"5-6\",\"width_small\":\"4-5\"},\"children\":[{\"type\":\"text\",\"props\":{\"column_breakpoint\":\"m\",\"content\":\"Det v\\u00e6re seg tegning av ny bolig, tilbygg, p\\u00e5bygg, garasjer osv. Vi kan ogs\\u00e5 lage eller oppdatere r\\u00f8mningsplaner, detektorplaner, innsatsplaner og branntekniske tegninger.\",\"margin\":\"default\"}}]}]},{\"type\":\"row\",\"children\":[{\"type\":\"column\",\"props\":{\"image_position\":\"center-center\",\"position_sticky_breakpoint\":\"m\"},\"children\":[{\"type\":\"text\",\"props\":{\"column_breakpoint\":\"m\",\"content\":\"Er du bruker av renholdsmodulen i Famac, kan vi ogs\\u00e5 tegne renholdstegninger i .dxf som kan lastes opp i systemet.\",\"margin\":\"default\"}}]}]}]},{\"type\":\"button\",\"props\":{\"button_size\":\"large\",\"fullwidth\":true,\"grid_column_gap\":\"small\",\"grid_row_gap\":\"small\",\"margin\":\"default\",\"text_align\":\"center\"},\"children\":[{\"type\":\"button_item\",\"props\":{\"button_style\":\"primary\",\"content\":\"Kontakt oss idag\",\"icon_align\":\"left\",\"link\":\"index.php?page_id=32\"}}]}]},{\"type\":\"column\",\"props\":{\"image_position\":\"center-center\",\"position_sticky_breakpoint\":\"m\",\"width_medium\":\"1-2\"},\"children\":[{\"type\":\"image\",\"props\":{\"image\":\"wp-content\\\/uploads\\\/pexels-photo-6615284-scaled.jpeg\",\"image_border\":\"rounded\",\"image_box_decoration\":\"default\",\"image_box_shadow\":\"medium\",\"image_svg_color\":\"emphasis\",\"margin\":\"default\"}}]}]}],\"name\":\"Hero\"}],\"version\":\"4.4.20\"} --><\/p>\n","protected":false},"excerpt":{"rendered":"<p>Tegning Vi utf\u00f8rer alt av tegninger Det v\u00e6re seg tegning av ny bolig, tilbygg, p\u00e5bygg, garasjer osv. Vi kan ogs\u00e5 lage eller oppdatere r\u00f8mningsplaner, detektorplaner, innsatsplaner og branntekniske tegninger. Er du bruker av renholdsmodulen i Famac, kan vi ogs\u00e5 tegne renholdstegninger i .dxf som kan lastes opp i systemet. Kontakt oss idag<\/p>\n","protected":false},"author":1,"featured_media":0,"parent":14,"menu_order":0,"comment_status":"closed","ping_status":"closed","template":"","meta":{"footnotes":""},"class_list":["post-20","page","type-page","status-publish","hentry"],"_links":{"self":[{"href":"https:\/\/mnbyggservice.no\/index.php?rest_route=\/wp\/v2\/pages\/20","targetHints":{"allow":["GET"]}}],"collection":[{"href":"https:\/\/mnbyggservice.no\/index.php?rest_route=\/wp\/v2\/pages"}],"about":[{"href":"https:\/\/mnbyggservice.no\/index.php?rest_route=\/wp\/v2\/types\/page"}],"author":[{"embeddable":true,"href":"https:\/\/mnbyggservice.no\/index.php?rest_route=\/wp\/v2\/users\/1"}],"replies":[{"embeddable":true,"href":"https:\/\/mnbyggservice.no\/index.php?rest_route=%2Fwp%2Fv2%2Fcomments&post=20"}],"version-history":[{"count":10,"href":"https:\/\/mnbyggservice.no\/index.php?rest_route=\/wp\/v2\/pages\/20\/revisions"}],"predecessor-version":[{"id":212,"href":"https:\/\/mnbyggservice.no\/index.php?rest_route=\/wp\/v2\/pages\/20\/revisions\/212"}],"up":[{"embeddable":true,"href":"https:\/\/mnbyggservice.no\/index.php?rest_route=\/wp\/v2\/pages\/14"}],"wp:attachment":[{"href":"https:\/\/mnbyggservice.no\/index.php?rest_route=%2Fwp%2Fv2%2Fmedia&parent=20"}],"curies":[{"name":"wp","href":"https:\/\/api.w.org\/{rel}","templated":true}]}}