{"id":18,"date":"2025-01-27T10:16:00","date_gmt":"2025-01-27T10:16:00","guid":{"rendered":"https:\/\/new.mnbyggservice.no\/?page_id=18"},"modified":"2025-01-31T09:46:04","modified_gmt":"2025-01-31T09:46:04","slug":"prosjektering","status":"publish","type":"page","link":"https:\/\/mnbyggservice.no\/?page_id=18","title":{"rendered":"prosjektering"},"content":{"rendered":"<h1>Prosjektering<\/h1>\n<h2>Enkelt forklart<\/h2>\n<div>Enkelt forklart s\u00e5 m\u00e5 det alltid utf\u00f8res prosjektering av bygg fordi at den som skal bygge m\u00e5 vite hvordan det skal bygges. Prosjektering er planlegging, beskrivelse, tegninger, dimensjonering, beregninger osv. som m\u00e5 til i et hvert byggeprosjekt.<\/div>\n<p><img decoding=\"async\" src=\"\/wp-content\/uploads\/pexels-photo-271667-scaled.jpeg\" alt=\"\"><\/p>\n<h3>Prosjektert det meste i prosjektet ditt <\/h3>\n<div>Hos oss f\u00e5r du prosjektert det meste i prosjektet ditt. I tillegg f\u00e5r du utf\u00f8rt energiberegning av bygget. Du kan ogs\u00e5 velge \u00e5 inkludere byggeledelse som en tjeneste. Da vil du ha en ansvarlig byggeleder som f\u00f8lger arbeidet fra prosjekteringsprosessen og videre utover i byggeprosessen.<\/div>\n<div>Vil du r\u00e5df\u00f8re deg med en erfaren byggingeni\u00f8r? Kontakt oss for en uforpliktende prat!<\/div>\n<p>\n    <a href=\"\/index.php?page_id=32\">Kontakt oss idag<\/a>\n<\/p>\n<p><img decoding=\"async\" src=\"\/wp-content\/uploads\/photo-1556156653-e5a7c69cc263-scaled.jpg\" alt=\"\"><\/p>\n<p><!--more--><br \/>\n<!-- {\"type\":\"layout\",\"children\":[{\"type\":\"section\",\"props\":{\"image\":\"wp-content\\\/uploads\\\/background-line-31.svg\",\"image_position\":\"center-center\",\"image_size\":\"cover\",\"media_overlay\":\"rgba(255, 255, 255, 0.96)\",\"padding\":\"xlarge\",\"style\":\"default\",\"title_breakpoint\":\"xl\",\"title_position\":\"top-left\",\"title_rotation\":\"left\",\"vertical_align\":\"middle\",\"width\":\"default\"},\"children\":[{\"type\":\"row\",\"props\":{\"margin\":\"large\"},\"children\":[{\"type\":\"column\",\"props\":{\"image_position\":\"center-center\",\"position_sticky_breakpoint\":\"m\"},\"children\":[{\"type\":\"headline\",\"props\":{\"content\":\"Prosjektering\",\"text_align\":\"center\",\"title_element\":\"h1\"}}]}]},{\"type\":\"row\",\"props\":{\"layout\":\"1-2,1-2\",\"margin\":\"large\"},\"children\":[{\"type\":\"column\",\"props\":{\"image_position\":\"center-center\",\"position_sticky_breakpoint\":\"m\",\"vertical_align\":\"middle\",\"width_medium\":\"1-2\"},\"children\":[{\"type\":\"headline\",\"props\":{\"content\":\"Enkelt forklart\",\"title_element\":\"h2\"}},{\"type\":\"text\",\"props\":{\"column_breakpoint\":\"m\",\"content\":\"Enkelt forklart s\\u00e5 m\\u00e5 det alltid utf\\u00f8res prosjektering av bygg fordi at den som skal bygge m\\u00e5 vite hvordan det skal bygges. Prosjektering er planlegging, beskrivelse, tegninger, dimensjonering, beregninger osv. som m\\u00e5 til i et hvert byggeprosjekt.\",\"margin\":\"default\"}},{\"type\":\"button\",\"props\":{\"button_size\":\"large\",\"fullwidth\":true,\"grid_column_gap\":\"small\",\"grid_row_gap\":\"small\",\"margin\":\"default\",\"text_align\":\"center\"}}]},{\"type\":\"column\",\"props\":{\"image_position\":\"center-center\",\"position_sticky_breakpoint\":\"m\",\"width_medium\":\"1-2\"},\"children\":[{\"type\":\"image\",\"props\":{\"image\":\"wp-content\\\/uploads\\\/pexels-photo-271667-scaled.jpeg\",\"image_border\":\"rounded\",\"image_box_decoration\":\"default\",\"image_box_shadow\":\"medium\",\"image_svg_color\":\"emphasis\",\"margin\":\"default\"}}]}]}],\"name\":\"Hero\"},{\"type\":\"section\",\"props\":{\"image_position\":\"center-center\",\"padding\":\"large\",\"style\":\"muted\",\"title_breakpoint\":\"xl\",\"title_position\":\"top-left\",\"title_rotation\":\"left\",\"vertical_align\":\"middle\",\"width\":\"default\"},\"children\":[{\"type\":\"row\",\"children\":[{\"type\":\"column\",\"props\":{\"image_position\":\"center-center\",\"position_sticky_breakpoint\":\"m\",\"vertical_align\":\"middle\",\"width_medium\":\"1-2\"},\"children\":[{\"type\":\"fragment\",\"props\":{\"margin\":\"default\"},\"children\":[{\"type\":\"row\",\"children\":[{\"type\":\"column\",\"props\":{\"image_position\":\"center-center\",\"position_sticky_breakpoint\":\"m\",\"style\":\"card-default\"},\"children\":[{\"type\":\"headline\",\"props\":{\"content\":\"Prosjektert det meste i prosjektet ditt \",\"title_element\":\"h3\"}},{\"type\":\"text\",\"props\":{\"column_breakpoint\":\"m\",\"content\":\"Hos oss f\\u00e5r du prosjektert det meste i prosjektet ditt. I tillegg f\\u00e5r du utf\\u00f8rt energiberegning av bygget. Du kan ogs\\u00e5 velge \\u00e5 inkludere byggeledelse som en tjeneste. Da vil du ha en ansvarlig byggeleder som f\\u00f8lger arbeidet fra prosjekteringsprosessen og videre utover i byggeprosessen.\",\"margin\":\"default\"}},{\"type\":\"text\",\"props\":{\"column_breakpoint\":\"m\",\"content\":\"Vil du r\\u00e5df\\u00f8re deg med en erfaren byggingeni\\u00f8r? Kontakt oss for en uforpliktende prat!\",\"margin\":\"default\"}}]}]}]},{\"type\":\"button\",\"props\":{\"button_size\":\"large\",\"grid_column_gap\":\"small\",\"grid_row_gap\":\"small\",\"margin\":\"default\",\"text_align\":\"center\"},\"children\":[{\"type\":\"button_item\",\"props\":{\"button_style\":\"primary\",\"content\":\"Kontakt oss idag\",\"icon_align\":\"left\",\"link\":\"index.php?page_id=32\"}}]}]},{\"type\":\"column\",\"props\":{\"image_position\":\"center-center\",\"position_sticky_breakpoint\":\"m\",\"width_medium\":\"1-2\"},\"children\":[{\"type\":\"image\",\"props\":{\"image\":\"wp-content\\\/uploads\\\/photo-1556156653-e5a7c69cc263-scaled.jpg\",\"image_border\":\"rounded\",\"image_box_decoration\":\"default\",\"image_box_shadow\":\"medium\",\"image_svg_color\":\"emphasis\",\"margin\":\"default\",\"text_align\":\"center\"}}]}],\"props\":{\"layout\":\"1-2,1-2\"}}],\"name\":\"Innhold\"}],\"version\":\"4.4.20\"} --><\/p>\n","protected":false},"excerpt":{"rendered":"<p>Prosjektering Enkelt forklart Enkelt forklart s\u00e5 m\u00e5 det alltid utf\u00f8res prosjektering av bygg fordi at den som skal bygge m\u00e5 vite hvordan det skal bygges. Prosjektering er planlegging, beskrivelse, tegninger, dimensjonering, beregninger osv. som m\u00e5 til i et hvert byggeprosjekt. Prosjektert det meste i prosjektet ditt Hos oss f\u00e5r du prosjektert det meste i prosjektet [&hellip;]<\/p>\n","protected":false},"author":1,"featured_media":0,"parent":14,"menu_order":0,"comment_status":"closed","ping_status":"closed","template":"","meta":{"footnotes":""},"class_list":["post-18","page","type-page","status-publish","hentry"],"_links":{"self":[{"href":"https:\/\/mnbyggservice.no\/index.php?rest_route=\/wp\/v2\/pages\/18","targetHints":{"allow":["GET"]}}],"collection":[{"href":"https:\/\/mnbyggservice.no\/index.php?rest_route=\/wp\/v2\/pages"}],"about":[{"href":"https:\/\/mnbyggservice.no\/index.php?rest_route=\/wp\/v2\/types\/page"}],"author":[{"embeddable":true,"href":"https:\/\/mnbyggservice.no\/index.php?rest_route=\/wp\/v2\/users\/1"}],"replies":[{"embeddable":true,"href":"https:\/\/mnbyggservice.no\/index.php?rest_route=%2Fwp%2Fv2%2Fcomments&post=18"}],"version-history":[{"count":12,"href":"https:\/\/mnbyggservice.no\/index.php?rest_route=\/wp\/v2\/pages\/18\/revisions"}],"predecessor-version":[{"id":201,"href":"https:\/\/mnbyggservice.no\/index.php?rest_route=\/wp\/v2\/pages\/18\/revisions\/201"}],"up":[{"embeddable":true,"href":"https:\/\/mnbyggservice.no\/index.php?rest_route=\/wp\/v2\/pages\/14"}],"wp:attachment":[{"href":"https:\/\/mnbyggservice.no\/index.php?rest_route=%2Fwp%2Fv2%2Fmedia&parent=18"}],"curies":[{"name":"wp","href":"https:\/\/api.w.org\/{rel}","templated":true}]}}