{"id":16,"date":"2025-01-27T10:15:43","date_gmt":"2025-01-27T10:15:43","guid":{"rendered":"https:\/\/new.mnbyggservice.no\/?page_id=16"},"modified":"2025-01-31T09:36:45","modified_gmt":"2025-01-31T09:36:45","slug":"snekkertjenester","status":"publish","type":"page","link":"https:\/\/mnbyggservice.no\/?page_id=16","title":{"rendered":"snekkertjenester"},"content":{"rendered":"<h1>Snekkertjenester<\/h1>\n<h2>Bred faglig kompetanse<\/h2>\n<div>Med ingeni\u00f8rer, byggmestere, fagarbeidere, takstmann, v\u00e5tromsspesialist og en l\u00e6rling har vi en bred faglig kompetanse som skal komme deg som kunde til gode.<\/div>\n<p>\n    <a href=\"\/index.php?page_id=32\">Kontakt oss<\/a>\n<\/p>\n<p><img decoding=\"async\" src=\"\/wp-content\/uploads\/2025\/01\/snekkerTjenester.png\" alt=\"\"><\/p>\n<ul>\n<li>\n<h3>Trygghet og tillit<\/h3>\n<div>Trygghet og tillit er stikkord du som kunde skal sitte igjen med etter at vi har utf\u00f8rt jobben. Snekkertjenestene vi tilbyr er blant annet nye eneboliger, garasjer, tilbygg, p\u00e5bygg. I tillegg utf\u00f8rer vi restaurering og rehabilitering av eldre bygg.<\/div>\n<\/li>\n<li>\n<h3>V\u00e5re h\u00e5ndverkere<\/h3>\n<div>V\u00e5re h\u00e5ndverkere er l\u00f8sningsorienterte og vi jobber i tett samarbeid med deg som er byggherre for \u00e5 oppn\u00e5 best mulig resultat. Vi kan tilby skreddersydde l\u00f8sninger for alt til din nye bolig.<\/div>\n<\/li>\n<li>\n<h3>Oss om dine behov<\/h3>\n<div>Sammen finner vi ut av hvilke behov du har, og s\u00f8rger for kostnadseffektive l\u00f8sninger i samarbeid med deg. Vi er opptatt av god kundeservice og hjelper gjerne til med tegninger og s\u00f8knad til kommunen om det er \u00f8nskelig.<\/div>\n<\/li>\n<li>\n<h3>Godt samarbeid<\/h3>\n<div>I tillegg har vi et godt samarbeid med en rekke lokale leverand\u00f8rer som tilbyr godt h\u00e5ndverk til fornuftige priser. Vi leverer den beste kvaliteten til avtalt konkurransedyktig pris.<\/div>\n<\/li>\n<\/ul>\n<p><!--more--><br \/>\n<!-- {\"type\":\"layout\",\"children\":[{\"type\":\"section\",\"props\":{\"image\":\"wp-content\\\/uploads\\\/background-line-31.svg\",\"image_position\":\"center-center\",\"image_size\":\"cover\",\"media_overlay\":\"rgba(255, 255, 255, 0.96)\",\"padding\":\"xlarge\",\"style\":\"default\",\"title_breakpoint\":\"xl\",\"title_position\":\"top-left\",\"title_rotation\":\"left\",\"vertical_align\":\"middle\",\"width\":\"default\"},\"children\":[{\"type\":\"row\",\"props\":{\"margin\":\"large\"},\"children\":[{\"type\":\"column\",\"props\":{\"image_position\":\"center-center\",\"position_sticky_breakpoint\":\"m\"},\"children\":[{\"type\":\"headline\",\"props\":{\"content\":\"Snekkertjenester\",\"text_align\":\"center\",\"title_element\":\"h1\"}}]}]},{\"type\":\"row\",\"props\":{\"layout\":\"1-2,1-2\",\"margin\":\"large\"},\"children\":[{\"type\":\"column\",\"props\":{\"image_position\":\"center-center\",\"position_sticky_breakpoint\":\"m\",\"vertical_align\":\"middle\",\"width_medium\":\"1-2\"},\"children\":[{\"type\":\"headline\",\"props\":{\"content\":\"Bred faglig kompetanse\",\"title_element\":\"h2\"}},{\"type\":\"text\",\"props\":{\"column_breakpoint\":\"m\",\"content\":\"Med ingeni\\u00f8rer, byggmestere, fagarbeidere, takstmann, v\\u00e5tromsspesialist og en l\\u00e6rling har vi en bred faglig kompetanse som skal komme deg som kunde til gode.\",\"margin\":\"default\"}},{\"type\":\"button\",\"props\":{\"button_size\":\"large\",\"fullwidth\":true,\"grid_column_gap\":\"small\",\"grid_row_gap\":\"small\",\"margin\":\"default\",\"text_align\":\"center\"},\"children\":[{\"type\":\"button_item\",\"props\":{\"button_style\":\"default\",\"content\":\"Kontakt oss\",\"icon_align\":\"left\",\"link\":\"index.php?page_id=32\"}}]}]},{\"type\":\"column\",\"props\":{\"image_position\":\"center-center\",\"position_sticky_breakpoint\":\"m\",\"width_medium\":\"1-2\"},\"children\":[{\"type\":\"image\",\"props\":{\"image\":\"wp-content\\\/uploads\\\/2025\\\/01\\\/snekkerTjenester.png\",\"image_svg_color\":\"emphasis\",\"margin\":\"default\",\"text_align\":\"center\"}}]}]}],\"name\":\"Hero\"},{\"type\":\"section\",\"props\":{\"image_position\":\"center-center\",\"padding\":\"large\",\"style\":\"muted\",\"title_breakpoint\":\"xl\",\"title_position\":\"top-left\",\"title_rotation\":\"left\",\"vertical_align\":\"middle\",\"width\":\"default\"},\"children\":[{\"type\":\"row\",\"children\":[{\"type\":\"column\",\"props\":{\"image_position\":\"center-center\",\"position_sticky_breakpoint\":\"m\"},\"children\":[{\"type\":\"grid\",\"props\":{\"content_column_breakpoint\":\"m\",\"filter_align\":\"left\",\"filter_all\":true,\"filter_grid_breakpoint\":\"m\",\"filter_grid_width\":\"auto\",\"filter_position\":\"top\",\"filter_style\":\"tab\",\"grid_default\":\"1\",\"grid_masonry\":\"pack\",\"grid_medium\":\"3\",\"icon_width\":80,\"image_align\":\"top\",\"image_grid_breakpoint\":\"m\",\"image_grid_width\":\"1-2\",\"image_svg_color\":\"emphasis\",\"item_animation\":true,\"link_style\":\"default\",\"link_text\":\"Read more\",\"margin\":\"default\",\"meta_align\":\"below-title\",\"meta_element\":\"div\",\"meta_style\":\"text-meta\",\"panel_padding\":\"small\",\"panel_style\":\"card-default\",\"show_content\":true,\"show_image\":true,\"show_link\":true,\"show_meta\":true,\"show_title\":true,\"title_align\":\"top\",\"title_element\":\"h3\",\"title_grid_breakpoint\":\"m\",\"title_grid_width\":\"1-2\",\"title_hover_style\":\"reset\"},\"children\":[{\"type\":\"grid_item\",\"props\":{\"content\":\"Trygghet og tillit er stikkord du som kunde skal sitte igjen med etter at vi har utf\\u00f8rt jobben. Snekkertjenestene vi tilbyr er blant annet nye eneboliger, garasjer, tilbygg, p\\u00e5bygg. I tillegg utf\\u00f8rer vi restaurering og rehabilitering av eldre bygg.\",\"link_text\":\"Kontakt oss\",\"title\":\"Trygghet og tillit\"}},{\"type\":\"grid_item\",\"props\":{\"content\":\"V\\u00e5re h\\u00e5ndverkere er l\\u00f8sningsorienterte og vi jobber i tett samarbeid med deg som er byggherre for \\u00e5 oppn\\u00e5 best mulig resultat. Vi kan tilby skreddersydde l\\u00f8sninger for alt til din nye bolig.\",\"title\":\"V\\u00e5re h\\u00e5ndverkere\"}},{\"type\":\"grid_item\",\"props\":{\"content\":\"Sammen finner vi ut av hvilke behov du har, og s\\u00f8rger for kostnadseffektive l\\u00f8sninger i samarbeid med deg. Vi er opptatt av god kundeservice og hjelper gjerne til med tegninger og s\\u00f8knad til kommunen om det er \\u00f8nskelig.\",\"title\":\"Oss om dine behov\"}},{\"type\":\"grid_item\",\"props\":{\"content\":\"I tillegg har vi et godt samarbeid med en rekke lokale leverand\\u00f8rer som tilbyr godt h\\u00e5ndverk til fornuftige priser. Vi leverer den beste kvaliteten til avtalt konkurransedyktig pris.\",\"title\":\"Godt samarbeid\"}}]}]}]}],\"name\":\"Innhold\"}],\"version\":\"4.4.20\"} --><\/p>\n","protected":false},"excerpt":{"rendered":"<p>Snekkertjenester Bred faglig kompetanse Med ingeni\u00f8rer, byggmestere, fagarbeidere, takstmann, v\u00e5tromsspesialist og en l\u00e6rling har vi en bred faglig kompetanse som skal komme deg som kunde til gode. Kontakt oss Trygghet og tillit Trygghet og tillit er stikkord du som kunde skal sitte igjen med etter at vi har utf\u00f8rt jobben. Snekkertjenestene vi tilbyr er blant [&hellip;]<\/p>\n","protected":false},"author":1,"featured_media":0,"parent":14,"menu_order":0,"comment_status":"closed","ping_status":"closed","template":"","meta":{"footnotes":""},"class_list":["post-16","page","type-page","status-publish","hentry"],"_links":{"self":[{"href":"https:\/\/mnbyggservice.no\/index.php?rest_route=\/wp\/v2\/pages\/16","targetHints":{"allow":["GET"]}}],"collection":[{"href":"https:\/\/mnbyggservice.no\/index.php?rest_route=\/wp\/v2\/pages"}],"about":[{"href":"https:\/\/mnbyggservice.no\/index.php?rest_route=\/wp\/v2\/types\/page"}],"author":[{"embeddable":true,"href":"https:\/\/mnbyggservice.no\/index.php?rest_route=\/wp\/v2\/users\/1"}],"replies":[{"embeddable":true,"href":"https:\/\/mnbyggservice.no\/index.php?rest_route=%2Fwp%2Fv2%2Fcomments&post=16"}],"version-history":[{"count":15,"href":"https:\/\/mnbyggservice.no\/index.php?rest_route=\/wp\/v2\/pages\/16\/revisions"}],"predecessor-version":[{"id":188,"href":"https:\/\/mnbyggservice.no\/index.php?rest_route=\/wp\/v2\/pages\/16\/revisions\/188"}],"up":[{"embeddable":true,"href":"https:\/\/mnbyggservice.no\/index.php?rest_route=\/wp\/v2\/pages\/14"}],"wp:attachment":[{"href":"https:\/\/mnbyggservice.no\/index.php?rest_route=%2Fwp%2Fv2%2Fmedia&parent=16"}],"curies":[{"name":"wp","href":"https:\/\/api.w.org\/{rel}","templated":true}]}}