{"id":10,"date":"2025-01-27T10:14:37","date_gmt":"2025-01-27T10:14:37","guid":{"rendered":"https:\/\/new.mnbyggservice.no\/?page_id=10"},"modified":"2025-01-31T09:30:44","modified_gmt":"2025-01-31T09:30:44","slug":"om-oss","status":"publish","type":"page","link":"https:\/\/mnbyggservice.no\/?page_id=10","title":{"rendered":"Om oss"},"content":{"rendered":"<h1>Om oss<\/h1>\n<h2>Etablert i Lierne i 2008<\/h2>\n<div>Midt-Norsk Byggservice ble etablert i Lierne i 2008, og hadde i hovedsak hele Tr\u00f8ndelag som arbeidsomr\u00e5de. Etterhvert som tiden forandret seg har firmaet valgt \u00e5 fokusere p\u00e5 sin hjemkommune.<\/div>\n<ul>\n<li>\n        <a href=\"\/index.php?page_id=32\">Kontakt oss<\/a>\n    <\/li>\n<li>\n        <a href=\"#lesmer\">Les mere<\/a>\n    <\/li>\n<\/ul>\n<div>\n<h3>Fire ansatte<\/h3>\n<div>Vi har for \u00f8yeblikket 4 ansatte hvorav en r\u00f8rlegger, og vi tar p\u00e5 oss oppdrag i hovedsak lokalt i Lierne.<\/div>\n<\/div>\n<div>\n<h3>lokalt i Lierne<\/h3>\n<div>Vi en n\u00e6ringsakt\u00f8r som liker \u00e5 st\u00f8tte opp om lokalsamfunnet og er opptatt av \u00e5 arbeide lokalt. Da er det spesielt viktig for oss at vi ser nytten av \u00e5 skape gode relasjoner til kundene og at vi har evnen til dette. Det er et h\u00f8yt faglig milj\u00f8, med stor \u00abtakh\u00f8yde\u00bb i bedriften. Med dette som grunnlag, gir det grobunn for et kvalitetsbevisst milj\u00f8, som hele tiden s\u00f8ker det beste ut av hver situasjon.<\/div>\n<\/div>\n<div>\n<h3>utvide staben<\/h3>\n<div>Fra 1. januar 2020 vil vi utvide staben ytterligere. Da vil vi f\u00e5 p\u00e5 plass en egen r\u00f8rlegger. Det \u00e5 kunne tilby en r\u00f8rlegger vil forenkle prosessen til kundene. Det blir f\u00e6rre akt\u00f8rer \u00e5 forholde seg til, og vi vil bli konkurransedyktige p\u00e5 pris.<\/div>\n<\/div>\n<p><!--more--><br \/>\n<!-- {\"type\":\"layout\",\"children\":[{\"type\":\"section\",\"props\":{\"image\":\"wp-content\\\/uploads\\\/background-line-31.svg\",\"image_position\":\"center-center\",\"image_size\":\"cover\",\"media_overlay\":\"rgba(255, 255, 255, 0.96)\",\"padding\":\"xlarge\",\"style\":\"default\",\"title_breakpoint\":\"xl\",\"title_position\":\"top-left\",\"title_rotation\":\"left\",\"vertical_align\":\"middle\",\"width\":\"default\"},\"children\":[{\"type\":\"row\",\"props\":{\"margin\":\"large\"},\"children\":[{\"type\":\"column\",\"props\":{\"image_position\":\"center-center\",\"position_sticky_breakpoint\":\"m\"},\"children\":[{\"type\":\"headline\",\"props\":{\"content\":\"Om oss\",\"text_align\":\"center\",\"title_element\":\"h1\"}}]}]},{\"type\":\"row\",\"props\":{\"layout\":\"1-2,1-2\",\"margin\":\"large\"},\"children\":[{\"type\":\"column\",\"props\":{\"image_position\":\"center-center\",\"position_sticky_breakpoint\":\"m\",\"vertical_align\":\"middle\",\"width_medium\":\"1-2\"},\"children\":[{\"type\":\"headline\",\"props\":{\"content\":\"Etablert i Lierne i 2008\",\"title_element\":\"h2\"}},{\"type\":\"text\",\"props\":{\"column_breakpoint\":\"m\",\"content\":\"Midt-Norsk Byggservice ble etablert i Lierne i 2008, og hadde i hovedsak hele Tr\\u00f8ndelag som arbeidsomr\\u00e5de. Etterhvert som tiden forandret seg har firmaet valgt \\u00e5 fokusere p\\u00e5 sin hjemkommune.\",\"margin\":\"default\",\"text_style\":\"large\"}},{\"type\":\"button\",\"props\":{\"button_size\":\"large\",\"fullwidth\":true,\"grid_column_gap\":\"small\",\"grid_row_gap\":\"small\",\"margin\":\"default\",\"text_align\":\"center\"},\"children\":[{\"type\":\"button_item\",\"props\":{\"button_style\":\"default\",\"content\":\"Kontakt oss\",\"icon\":\"receiver\",\"icon_align\":\"left\",\"link\":\"index.php?page_id=32\"}},{\"type\":\"button_item\",\"props\":{\"button_style\":\"default\",\"content\":\"Les mere\",\"icon\":\"happy\",\"icon_align\":\"left\",\"link\":\"#lesmer\"}}]}]},{\"type\":\"column\",\"props\":{\"image_position\":\"center-center\",\"position_sticky_breakpoint\":\"m\",\"width_medium\":\"1-2\"},\"children\":[{\"type\":\"image\",\"props\":{\"image_svg_color\":\"emphasis\",\"margin\":\"default\"}}]}]}],\"name\":\"Hero\"},{\"type\":\"section\",\"props\":{\"id\":\"lesmer\",\"image_position\":\"center-center\",\"padding\":\"xlarge\",\"style\":\"muted\",\"title_breakpoint\":\"xl\",\"title_position\":\"top-left\",\"title_rotation\":\"left\",\"vertical_align\":\"middle\",\"width\":\"default\"},\"children\":[{\"type\":\"row\",\"children\":[{\"type\":\"column\",\"props\":{\"image_position\":\"center-center\",\"position_sticky_breakpoint\":\"m\",\"width_medium\":\"1-3\"},\"children\":[{\"type\":\"panel\",\"props\":{\"content\":\"Vi har for \\u00f8yeblikket 4 ansatte hvorav en r\\u00f8rlegger, og vi tar p\\u00e5 oss oppdrag i hovedsak lokalt i Lierne.\",\"content_column_breakpoint\":\"m\",\"icon_width\":80,\"image_align\":\"top\",\"image_grid_breakpoint\":\"m\",\"image_grid_width\":\"1-2\",\"image_svg_color\":\"emphasis\",\"link_style\":\"default\",\"link_text\":\"Read more\",\"margin\":\"default\",\"meta_align\":\"below-title\",\"meta_element\":\"div\",\"meta_style\":\"text-meta\",\"panel_padding\":\"small\",\"panel_style\":\"card-default\",\"title\":\"Fire ansatte\",\"title_align\":\"top\",\"title_element\":\"h3\",\"title_grid_breakpoint\":\"m\",\"title_grid_width\":\"1-2\",\"title_hover_style\":\"reset\"}}]},{\"type\":\"column\",\"props\":{\"image_position\":\"center-center\",\"position_sticky_breakpoint\":\"m\",\"width_medium\":\"1-3\"},\"children\":[{\"type\":\"panel\",\"props\":{\"content\":\"Vi en n\\u00e6ringsakt\\u00f8r som liker \\u00e5 st\\u00f8tte opp om lokalsamfunnet og er opptatt av \\u00e5 arbeide lokalt. Da er det spesielt viktig for oss at vi ser nytten av \\u00e5 skape gode relasjoner til kundene og at vi har evnen til dette. Det er et h\\u00f8yt faglig milj\\u00f8, med stor \\u00abtakh\\u00f8yde\\u00bb i bedriften. Med dette som grunnlag, gir det grobunn for et kvalitetsbevisst milj\\u00f8, som hele tiden s\\u00f8ker det beste ut av hver situasjon.\",\"content_column_breakpoint\":\"m\",\"icon_width\":80,\"image_align\":\"top\",\"image_grid_breakpoint\":\"m\",\"image_grid_width\":\"1-2\",\"image_svg_color\":\"emphasis\",\"link_style\":\"default\",\"link_text\":\"Read more\",\"margin\":\"default\",\"meta_align\":\"below-title\",\"meta_element\":\"div\",\"meta_style\":\"text-meta\",\"panel_padding\":\"small\",\"panel_style\":\"card-default\",\"title\":\"lokalt i Lierne\",\"title_align\":\"top\",\"title_element\":\"h3\",\"title_grid_breakpoint\":\"m\",\"title_grid_width\":\"1-2\",\"title_hover_style\":\"reset\"}}]},{\"type\":\"column\",\"props\":{\"image_position\":\"center-center\",\"position_sticky_breakpoint\":\"m\",\"width_medium\":\"1-3\"},\"children\":[{\"type\":\"panel\",\"props\":{\"content\":\"Fra 1. januar 2020 vil vi utvide staben ytterligere. Da vil vi f\\u00e5 p\\u00e5 plass en egen r\\u00f8rlegger. Det \\u00e5 kunne tilby en r\\u00f8rlegger vil forenkle prosessen til kundene. Det blir f\\u00e6rre akt\\u00f8rer \\u00e5 forholde seg til, og vi vil bli konkurransedyktige p\\u00e5 pris.\",\"content_column_breakpoint\":\"m\",\"icon_width\":80,\"image_align\":\"top\",\"image_grid_breakpoint\":\"m\",\"image_grid_width\":\"1-2\",\"image_svg_color\":\"emphasis\",\"link_style\":\"default\",\"link_text\":\"Read more\",\"margin\":\"default\",\"meta_align\":\"below-title\",\"meta_element\":\"div\",\"meta_style\":\"text-meta\",\"panel_padding\":\"small\",\"panel_style\":\"card-default\",\"title\":\"utvide staben\",\"title_align\":\"top\",\"title_element\":\"h3\",\"title_grid_breakpoint\":\"m\",\"title_grid_width\":\"1-2\",\"title_hover_style\":\"reset\"}}]}],\"props\":{\"layout\":\"1-3,1-3,1-3\",\"margin\":\"large\"}}],\"name\":\"Innhold\"}],\"version\":\"4.4.20\"} --><\/p>\n","protected":false},"excerpt":{"rendered":"<p>Om oss Etablert i Lierne i 2008 Midt-Norsk Byggservice ble etablert i Lierne i 2008, og hadde i hovedsak hele Tr\u00f8ndelag som arbeidsomr\u00e5de. Etterhvert som tiden forandret seg har firmaet valgt \u00e5 fokusere p\u00e5 sin hjemkommune. Kontakt oss Les mere Fire ansatte Vi har for \u00f8yeblikket 4 ansatte hvorav en r\u00f8rlegger, og vi tar p\u00e5 [&hellip;]<\/p>\n","protected":false},"author":1,"featured_media":0,"parent":0,"menu_order":0,"comment_status":"closed","ping_status":"closed","template":"","meta":{"footnotes":""},"class_list":["post-10","page","type-page","status-publish","hentry"],"_links":{"self":[{"href":"https:\/\/mnbyggservice.no\/index.php?rest_route=\/wp\/v2\/pages\/10","targetHints":{"allow":["GET"]}}],"collection":[{"href":"https:\/\/mnbyggservice.no\/index.php?rest_route=\/wp\/v2\/pages"}],"about":[{"href":"https:\/\/mnbyggservice.no\/index.php?rest_route=\/wp\/v2\/types\/page"}],"author":[{"embeddable":true,"href":"https:\/\/mnbyggservice.no\/index.php?rest_route=\/wp\/v2\/users\/1"}],"replies":[{"embeddable":true,"href":"https:\/\/mnbyggservice.no\/index.php?rest_route=%2Fwp%2Fv2%2Fcomments&post=10"}],"version-history":[{"count":31,"href":"https:\/\/mnbyggservice.no\/index.php?rest_route=\/wp\/v2\/pages\/10\/revisions"}],"predecessor-version":[{"id":174,"href":"https:\/\/mnbyggservice.no\/index.php?rest_route=\/wp\/v2\/pages\/10\/revisions\/174"}],"wp:attachment":[{"href":"https:\/\/mnbyggservice.no\/index.php?rest_route=%2Fwp%2Fv2%2Fmedia&parent=10"}],"curies":[{"name":"wp","href":"https:\/\/api.w.org\/{rel}","templated":true}]}}